{"id":225,"date":"2025-12-26T05:26:22","date_gmt":"2025-12-26T05:26:22","guid":{"rendered":"https:\/\/torsanpera.fi\/?page_id=225"},"modified":"2025-12-30T07:39:01","modified_gmt":"2025-12-30T07:39:01","slug":"talonmiestyot","status":"publish","type":"page","link":"https:\/\/torsanpera.fi\/?page_id=225","title":{"rendered":"TALONMIESTY\u00d6T"},"content":{"rendered":"\n<div class=\"wp-block-media-text alignwide is-stacked-on-mobile\"><figure class=\"wp-block-media-text__media\"><img loading=\"lazy\" decoding=\"async\" width=\"683\" height=\"1024\" src=\"http:\/\/torsanpera.fi\/wp-content\/uploads\/2025\/12\/DSC_0558jaPuita2025_-683x1024.jpg\" alt=\"\" class=\"wp-image-226 size-full\" srcset=\"https:\/\/torsanpera.fi\/wp-content\/uploads\/2025\/12\/DSC_0558jaPuita2025_-683x1024.jpg 683w, https:\/\/torsanpera.fi\/wp-content\/uploads\/2025\/12\/DSC_0558jaPuita2025_-200x300.jpg 200w, https:\/\/torsanpera.fi\/wp-content\/uploads\/2025\/12\/DSC_0558jaPuita2025_-768x1152.jpg 768w, https:\/\/torsanpera.fi\/wp-content\/uploads\/2025\/12\/DSC_0558jaPuita2025_-1024x1536.jpg 1024w, https:\/\/torsanpera.fi\/wp-content\/uploads\/2025\/12\/DSC_0558jaPuita2025_-1365x2048.jpg 1365w, https:\/\/torsanpera.fi\/wp-content\/uploads\/2025\/12\/DSC_0558jaPuita2025_-scaled.jpg 1707w\" sizes=\"auto, (max-width: 683px) 100vw, 683px\" \/><\/figure><div class=\"wp-block-media-text__content\">\n<h2 class=\"wp-block-heading\">Pienet ja suuret ty\u00f6t ripe\u00e4sti<\/h2>\n\n\n\n<p>Me hoidamme kiinteist\u00f6jen kunnostus ja korjausty\u00f6t.<\/p>\n\n\n\n<p>Esimerkiksi:<\/p>\n\n\n\n<ul class=\"wp-block-list\">\n<li class=\"has-vollkorn-font-family\">Pienten remonttien ja korjausten tekeminen<\/li>\n\n\n\n<li class=\"has-vollkorn-font-family\">R\u00e4yst\u00e4skourujen puhdistus ja kunnostus<\/li>\n\n\n\n<li class=\"has-vollkorn-font-family\">Talvikunnossapito<\/li>\n\n\n\n<li class=\"has-vollkorn-font-family\">Pihan ja kiinteist\u00f6jen yleinen yll\u00e4pito<\/li>\n\n\n\n<li class=\"has-vollkorn-font-family\">S\u00e4\u00e4nn\u00f6llinen siisteyden kunnossapito <\/li>\n<\/ul>\n\n\n\n<p>Tai kerro oma tarpeesi \u2013 laitetaan se onnistumaan.<\/p>\n\n\n\n<div style=\"height:100px\" aria-hidden=\"true\" class=\"wp-block-spacer\"><\/div>\n\n\n\n<h2 class=\"wp-block-heading\">Hinta<\/h2>\n\n\n\n<p>Henkil\u00f6ty\u00f6 45 \u20ac\/h + alv 25,5%<\/p>\n\n\n\n<p>S\u00e4\u00e4nn\u00f6llinen huolto sopimuksen mukaan.<\/p>\n\n\n\n<div class=\"wp-block-buttons is-layout-flex wp-block-buttons-is-layout-flex\">\n<div class=\"wp-block-button\"><a class=\"wp-block-button__link has-background wp-element-button\" href=\"https:\/\/torsanpera.fi\/?page_id=146\" style=\"background-color:#5e923d\">Ota yhteytt\u00e4<\/a><\/div>\n<\/div>\n<\/div><\/div>\n\n\n\n<div class=\"wp-block-group alignfull has-contrast-color has-text-color is-vertical is-content-justification-center is-layout-flex wp-container-core-group-is-layout-f306f087 wp-block-group-is-layout-flex\" style=\"min-height:40vh;margin-top:0;margin-bottom:0;padding-top:var(--wp--preset--spacing--60);padding-right:var(--wp--preset--spacing--50);padding-bottom:var(--wp--preset--spacing--60);padding-left:var(--wp--preset--spacing--50)\"><div style=\"margin-bottom:6px;\" class=\"is-default-size aligncenter wp-block-site-logo wp-duotone-unset-1\"><a href=\"https:\/\/torsanpera.fi\/\" class=\"custom-logo-link\" rel=\"home\"><img loading=\"lazy\" decoding=\"async\" width=\"2560\" height=\"1810\" src=\"https:\/\/torsanpera.fi\/wp-content\/uploads\/2025\/09\/IMG_0290-scaled.png\" class=\"custom-logo\" alt=\"Torsanper&auml;\" srcset=\"https:\/\/torsanpera.fi\/wp-content\/uploads\/2025\/09\/IMG_0290-scaled.png 2560w, https:\/\/torsanpera.fi\/wp-content\/uploads\/2025\/09\/IMG_0290-300x212.png 300w, https:\/\/torsanpera.fi\/wp-content\/uploads\/2025\/09\/IMG_0290-1024x724.png 1024w, https:\/\/torsanpera.fi\/wp-content\/uploads\/2025\/09\/IMG_0290-768x543.png 768w, https:\/\/torsanpera.fi\/wp-content\/uploads\/2025\/09\/IMG_0290-1536x1086.png 1536w, https:\/\/torsanpera.fi\/wp-content\/uploads\/2025\/09\/IMG_0290-2048x1448.png 2048w\" sizes=\"auto, (max-width: 2560px) 100vw, 2560px\" \/><\/a><\/div>\n\n\n<div class=\"wp-block-columns is-layout-flex wp-container-core-columns-is-layout-28f84493 wp-block-columns-is-layout-flex\">\n<div class=\"wp-block-column has-contrast-color has-text-color has-link-color wp-elements-8bc094f7c54b97777e79218bf0fa2991 is-layout-flow wp-container-core-column-is-layout-053e94e8 wp-block-column-is-layout-flow\" style=\"padding-right:0;padding-left:0;flex-basis:300px\">\n<p class=\"has-contrast-color has-text-color has-link-color wp-elements-784976cdf8b5777b4c7c75cb870196e2\">Ota yhteytt\u00e4: <\/p>\n\n\n\n<p class=\"has-text-align-left has-contrast-color has-text-color has-link-color wp-elements-be1b5ec983e83a4dc5b419fbe06934f1\">Puh. <a href=\"tel:358405266215\">+35840 5266215 <\/a><\/p>\n\n\n\n<p class=\"has-contrast-color has-text-color has-link-color wp-elements-e30f95278440531e2b71df0420605c07\">s.posti <a href=\"mailto:pasi.rt.lampinen@gmail.com\">pasi.rt.lampinen@gmail.com<\/a><\/p>\n\n\n\n<ul class=\"wp-block-social-links has-normal-icon-size is-style-default is-nowrap is-layout-flex wp-container-core-social-links-is-layout-65900438 wp-block-social-links-is-layout-flex\"><li class=\"wp-social-link wp-social-link-facebook  wp-block-social-link\"><a href=\"https:\/\/www.facebook.com\/p\/Torsanper\u00e4-100063850364076\/\" class=\"wp-block-social-link-anchor\"><svg width=\"24\" height=\"24\" viewBox=\"0 0 24 24\" version=\"1.1\" xmlns=\"http:\/\/www.w3.org\/2000\/svg\" aria-hidden=\"true\" focusable=\"false\"><path d=\"M12 2C6.5 2 2 6.5 2 12c0 5 3.7 9.1 8.4 9.9v-7H7.9V12h2.5V9.8c0-2.5 1.5-3.9 3.8-3.9 1.1 0 2.2.2 2.2.2v2.5h-1.3c-1.2 0-1.6.8-1.6 1.6V12h2.8l-.4 2.9h-2.3v7C18.3 21.1 22 17 22 12c0-5.5-4.5-10-10-10z\"><\/path><\/svg><span class=\"wp-block-social-link-label screen-reader-text\">Facebook<\/span><\/a><\/li><\/ul>\n<\/div>\n\n\n\n<div class=\"wp-block-column has-contrast-color has-text-color has-link-color wp-elements-b7856f337d7fba009e19faec17a445f5 is-layout-flow wp-container-core-column-is-layout-053e94e8 wp-block-column-is-layout-flow\" style=\"padding-right:0;padding-left:0\">\n<div class=\"wp-block-group has-accent-5-color has-text-color has-link-color wp-elements-074774806591c59a6018872fc1441efa has-global-padding is-layout-constrained wp-container-core-group-is-layout-e0082cf6 wp-block-group-is-layout-constrained\">\n<p class=\"has-contrast-color has-text-color has-link-color wp-elements-cd318e606791f39ca81b0d9e5782679c\">Torsanper\u00e4 Tmi<\/p>\n\n\n\n<p class=\"has-contrast-color has-text-color has-link-color wp-elements-c716b13b973d95ee08e69a7398e7f6ac\">Pasi Lampinen<\/p>\n\n\n\n<p class=\"has-contrast-color has-text-color has-link-color wp-elements-beec70b294fcbf86ac4902f4110ba0f1\">Y-tunnus: 1198163-3<\/p>\n<\/div>\n<\/div>\n<\/div>\n<\/div>\n","protected":false},"excerpt":{"rendered":"","protected":false},"author":1,"featured_media":0,"parent":0,"menu_order":0,"comment_status":"closed","ping_status":"closed","template":"","meta":{"footnotes":""},"class_list":["post-225","page","type-page","status-publish","hentry"],"_links":{"self":[{"href":"https:\/\/torsanpera.fi\/index.php?rest_route=\/wp\/v2\/pages\/225","targetHints":{"allow":["GET"]}}],"collection":[{"href":"https:\/\/torsanpera.fi\/index.php?rest_route=\/wp\/v2\/pages"}],"about":[{"href":"https:\/\/torsanpera.fi\/index.php?rest_route=\/wp\/v2\/types\/page"}],"author":[{"embeddable":true,"href":"https:\/\/torsanpera.fi\/index.php?rest_route=\/wp\/v2\/users\/1"}],"replies":[{"embeddable":true,"href":"https:\/\/torsanpera.fi\/index.php?rest_route=%2Fwp%2Fv2%2Fcomments&post=225"}],"version-history":[{"count":3,"href":"https:\/\/torsanpera.fi\/index.php?rest_route=\/wp\/v2\/pages\/225\/revisions"}],"predecessor-version":[{"id":257,"href":"https:\/\/torsanpera.fi\/index.php?rest_route=\/wp\/v2\/pages\/225\/revisions\/257"}],"wp:attachment":[{"href":"https:\/\/torsanpera.fi\/index.php?rest_route=%2Fwp%2Fv2%2Fmedia&parent=225"}],"curies":[{"name":"wp","href":"https:\/\/api.w.org\/{rel}","templated":true}]}}