{"id":28,"date":"2025-09-13T11:38:16","date_gmt":"2025-09-13T11:38:16","guid":{"rendered":"http:\/\/torsanpera.fi\/?page_id=28"},"modified":"2025-12-30T07:39:01","modified_gmt":"2025-12-30T07:39:01","slug":"tulisydan","status":"publish","type":"page","link":"https:\/\/torsanpera.fi\/?page_id=28","title":{"rendered":"TULISYD\u00c4N"},"content":{"rendered":"\n<div class=\"wp-block-group alignfull has-global-padding is-layout-constrained wp-container-core-group-is-layout-19e250f3 wp-block-group-is-layout-constrained\">\n<div class=\"wp-block-group alignfull has-global-padding is-layout-constrained wp-container-core-group-is-layout-19e250f3 wp-block-group-is-layout-constrained\">\n<div class=\"wp-block-media-text alignfull is-stacked-on-mobile is-vertically-aligned-center has-border-color has-background\" style=\"border-color:#000000;border-width:100px;background-color:#000000;margin-top:0;margin-bottom:0;padding-top:0;padding-right:0;padding-bottom:0;padding-left:0;grid-template-columns:18% auto\"><figure class=\"wp-block-media-text__media\"><img loading=\"lazy\" decoding=\"async\" width=\"1024\" height=\"1024\" src=\"http:\/\/torsanpera.fi\/wp-content\/uploads\/2025\/12\/IMG_2958-1024x1024.jpg\" alt=\"\" class=\"wp-image-196 size-full\" srcset=\"https:\/\/torsanpera.fi\/wp-content\/uploads\/2025\/12\/IMG_2958-1024x1024.jpg 1024w, https:\/\/torsanpera.fi\/wp-content\/uploads\/2025\/12\/IMG_2958-300x300.jpg 300w, https:\/\/torsanpera.fi\/wp-content\/uploads\/2025\/12\/IMG_2958-150x150.jpg 150w, https:\/\/torsanpera.fi\/wp-content\/uploads\/2025\/12\/IMG_2958-1536x1536.jpg 1536w, https:\/\/torsanpera.fi\/wp-content\/uploads\/2025\/12\/IMG_2958-2048x2048.jpg 2048w\" sizes=\"auto, (max-width: 1024px) 100vw, 1024px\" \/><\/figure><div class=\"wp-block-media-text__content\">\n<p><\/p>\n<\/div><\/div>\n\n\n\n<div class=\"wp-block-media-text alignfull has-media-on-the-right is-stacked-on-mobile is-vertically-aligned-top has-border-color has-accent-5-color has-text-color has-background has-link-color wp-elements-8e1f2ae43abe6014f5bb9f45590d104d\" style=\"border-color:#000000;border-width:70px;background-color:#010101;padding-top:0;padding-right:0;padding-bottom:0;padding-left:0;grid-template-columns:auto 53%\"><div class=\"wp-block-media-text__content\">\n<div class=\"wp-block-group has-global-padding is-content-justification-center is-layout-constrained wp-block-group-is-layout-constrained\">\n<h2 class=\"wp-block-heading\">Valoa k\u00e4sity\u00f6st\u00e4<\/h2>\n\n\n\n<p>Tulisyd\u00e4n  -j\u00e4tk\u00e4nkynttil\u00e4 on n\u00e4ytt\u00e4v\u00e4, helppok\u00e4ytt\u00f6inen ja pitk\u00e4kestoinen tunnelman tuoja ulkok\u00e4ytt\u00f6\u00f6n. <\/p>\n\n\n\n<p>Valmistamme kynttil\u00e4t Torsanper\u00e4ll\u00e4 omasta puusta. Jokainen kynttil\u00e4 on yksil\u00f6 \u2013 niin kuin ne illatkin, joita se valaisee.<\/p>\n\n\n\n<p>Paloaika n. 2 tuntia<\/p>\n<\/div>\n<\/div><figure class=\"wp-block-media-text__media\"><img loading=\"lazy\" decoding=\"async\" width=\"1024\" height=\"1024\" src=\"https:\/\/torsanpera.fi\/wp-content\/uploads\/2025\/12\/DSC_7213jaPuita2025_-1-1024x1024.jpg\" alt=\"\" class=\"wp-image-197 size-full\" srcset=\"https:\/\/torsanpera.fi\/wp-content\/uploads\/2025\/12\/DSC_7213jaPuita2025_-1-1024x1024.jpg 1024w, https:\/\/torsanpera.fi\/wp-content\/uploads\/2025\/12\/DSC_7213jaPuita2025_-1-300x300.jpg 300w, https:\/\/torsanpera.fi\/wp-content\/uploads\/2025\/12\/DSC_7213jaPuita2025_-1-150x150.jpg 150w, https:\/\/torsanpera.fi\/wp-content\/uploads\/2025\/12\/DSC_7213jaPuita2025_-1-1536x1536.jpg 1536w, https:\/\/torsanpera.fi\/wp-content\/uploads\/2025\/12\/DSC_7213jaPuita2025_-1-2048x2048.jpg 2048w\" sizes=\"auto, (max-width: 1024px) 100vw, 1024px\" \/><\/figure><\/div>\n<\/div>\n\n\n\n<div class=\"wp-block-media-text alignfull is-stacked-on-mobile is-image-fill-element has-border-color has-background\" style=\"border-color:#000000;border-width:66px;background-color:#000000;grid-template-columns:35% auto\"><figure class=\"wp-block-media-text__media\"><img loading=\"lazy\" decoding=\"async\" width=\"681\" height=\"1024\" src=\"http:\/\/torsanpera.fi\/wp-content\/uploads\/2025\/12\/DSC_7206jaPuita2025_-681x1024.jpg\" alt=\"\" class=\"wp-image-125 size-full\" style=\"object-position:50% 50%\" srcset=\"https:\/\/torsanpera.fi\/wp-content\/uploads\/2025\/12\/DSC_7206jaPuita2025_-681x1024.jpg 681w, https:\/\/torsanpera.fi\/wp-content\/uploads\/2025\/12\/DSC_7206jaPuita2025_-200x300.jpg 200w, https:\/\/torsanpera.fi\/wp-content\/uploads\/2025\/12\/DSC_7206jaPuita2025_-768x1154.jpg 768w, https:\/\/torsanpera.fi\/wp-content\/uploads\/2025\/12\/DSC_7206jaPuita2025_-1022x1536.jpg 1022w, https:\/\/torsanpera.fi\/wp-content\/uploads\/2025\/12\/DSC_7206jaPuita2025_-1363x2048.jpg 1363w, https:\/\/torsanpera.fi\/wp-content\/uploads\/2025\/12\/DSC_7206jaPuita2025_-scaled.jpg 1703w\" sizes=\"auto, (max-width: 681px) 100vw, 681px\" \/><\/figure><div class=\"wp-block-media-text__content\">\n<p class=\"has-accent-5-color has-text-color has-link-color has-medium-font-size wp-elements-e85beaad39a3b720a6128bcbfc6625d7\">Osta omasi <\/p>\n\n\n\n<p class=\"has-accent-5-color has-text-color has-link-color has-medium-font-size wp-elements-bd2772e70a2273416fcfaa89efe6fc53\">10 \u20ac \/ kpl<\/p>\n\n\n\n<p class=\"has-accent-5-color has-text-color has-link-color wp-elements-2aa47f3e12e29a98dbd89f8a22f5ddda\">koko: 33 cm<\/p>\n\n\n\n<p class=\"has-accent-5-color has-text-color has-link-color has-medium-font-size wp-elements-b480af7425b1552cc4ef05751ae717fd\">Isommista erist\u00e4 voidaan sopia erikseen.<\/p>\n\n\n\n<div class=\"wp-block-buttons is-layout-flex wp-block-buttons-is-layout-flex\">\n<div class=\"wp-block-button\"><a class=\"wp-block-button__link has-contrast-color has-accent-5-background-color has-text-color has-background has-link-color wp-element-button\" href=\"https:\/\/torsanpera.fi\/?page_id=146\">Ota yhteytt\u00e4<\/a><\/div>\n<\/div>\n<\/div><\/div>\n\n\n\n<div class=\"wp-block-group alignfull has-accent-5-color has-text-color has-background is-vertical is-content-justification-center is-layout-flex wp-container-core-group-is-layout-f306f087 wp-block-group-is-layout-flex\" style=\"background-color:#010101;min-height:40vh;margin-top:0;margin-bottom:0;padding-top:var(--wp--preset--spacing--60);padding-right:var(--wp--preset--spacing--50);padding-bottom:var(--wp--preset--spacing--60);padding-left:var(--wp--preset--spacing--50)\"><div style=\"margin-bottom:6px;\" class=\"is-default-size aligncenter wp-block-site-logo\"><a href=\"https:\/\/torsanpera.fi\/\" class=\"custom-logo-link\" rel=\"home\"><img loading=\"lazy\" decoding=\"async\" width=\"2560\" height=\"1810\" src=\"https:\/\/torsanpera.fi\/wp-content\/uploads\/2025\/09\/IMG_0290-scaled.png\" class=\"custom-logo\" alt=\"Torsanper&auml;\" srcset=\"https:\/\/torsanpera.fi\/wp-content\/uploads\/2025\/09\/IMG_0290-scaled.png 2560w, https:\/\/torsanpera.fi\/wp-content\/uploads\/2025\/09\/IMG_0290-300x212.png 300w, https:\/\/torsanpera.fi\/wp-content\/uploads\/2025\/09\/IMG_0290-1024x724.png 1024w, https:\/\/torsanpera.fi\/wp-content\/uploads\/2025\/09\/IMG_0290-768x543.png 768w, https:\/\/torsanpera.fi\/wp-content\/uploads\/2025\/09\/IMG_0290-1536x1086.png 1536w, https:\/\/torsanpera.fi\/wp-content\/uploads\/2025\/09\/IMG_0290-2048x1448.png 2048w\" sizes=\"auto, (max-width: 2560px) 100vw, 2560px\" \/><\/a><\/div>\n\n\n<div class=\"wp-block-columns is-layout-flex wp-container-core-columns-is-layout-28f84493 wp-block-columns-is-layout-flex\">\n<div class=\"wp-block-column is-layout-flow wp-container-core-column-is-layout-053e94e8 wp-block-column-is-layout-flow\" style=\"padding-right:0;padding-left:0;flex-basis:300px\">\n<p class=\"has-accent-5-color has-text-color has-link-color wp-elements-775f39c0f9a75dfc60b7846732df592c\">Ota yhteytt\u00e4: <\/p>\n\n\n\n<p class=\"has-text-align-left has-accent-5-color has-text-color has-link-color wp-elements-c401b5c990ff112454763307e19f1bfd\">Puh. <a href=\"tel:358405266215\">+35840 5266215 <\/a><\/p>\n\n\n\n<p class=\"has-accent-5-color has-text-color has-link-color wp-elements-1347781b4927e3499487c6bb70a0919e\">s.posti <a href=\"mailto:pasi.rt.lampinen@gmail.com\">pasi.rt.lampinen@gmail.com<\/a><\/p>\n\n\n\n<ul class=\"wp-block-social-links has-normal-icon-size is-style-default is-nowrap is-layout-flex wp-container-core-social-links-is-layout-65900438 wp-block-social-links-is-layout-flex\"><li class=\"wp-social-link wp-social-link-facebook  wp-block-social-link\"><a href=\"https:\/\/www.facebook.com\/p\/Torsanper\u00e4-100063850364076\/\" class=\"wp-block-social-link-anchor\"><svg width=\"24\" height=\"24\" viewBox=\"0 0 24 24\" version=\"1.1\" xmlns=\"http:\/\/www.w3.org\/2000\/svg\" aria-hidden=\"true\" focusable=\"false\"><path d=\"M12 2C6.5 2 2 6.5 2 12c0 5 3.7 9.1 8.4 9.9v-7H7.9V12h2.5V9.8c0-2.5 1.5-3.9 3.8-3.9 1.1 0 2.2.2 2.2.2v2.5h-1.3c-1.2 0-1.6.8-1.6 1.6V12h2.8l-.4 2.9h-2.3v7C18.3 21.1 22 17 22 12c0-5.5-4.5-10-10-10z\"><\/path><\/svg><span class=\"wp-block-social-link-label screen-reader-text\">Facebook<\/span><\/a><\/li><\/ul>\n<\/div>\n\n\n\n<div class=\"wp-block-column is-layout-flow wp-container-core-column-is-layout-053e94e8 wp-block-column-is-layout-flow\" style=\"padding-right:0;padding-left:0\">\n<div class=\"wp-block-group has-accent-5-color has-text-color has-link-color wp-elements-852b53ae3d3a0901d8ab0e66e595100f has-global-padding is-layout-constrained wp-container-core-group-is-layout-e0082cf6 wp-block-group-is-layout-constrained\">\n<p>Torsanper\u00e4 Tmi<\/p>\n\n\n\n<p>Pasi Lampinen<\/p>\n\n\n\n<p>Y-tunnus: 1198163-3<\/p>\n<\/div>\n<\/div>\n<\/div>\n<\/div>\n<\/div>\n","protected":false},"excerpt":{"rendered":"<p>Valoa k\u00e4sity\u00f6st\u00e4 Tulisyd\u00e4n -j\u00e4tk\u00e4nkynttil\u00e4 on n\u00e4ytt\u00e4v\u00e4, helppok\u00e4ytt\u00f6inen ja pitk\u00e4kestoinen tunnelman tuoja ulkok\u00e4ytt\u00f6\u00f6n. Valmistamme kynttil\u00e4t Torsanper\u00e4ll\u00e4 omasta puusta. Jokainen kynttil\u00e4 on yksil\u00f6 \u2013 niin kuin ne illatkin, joita se valaisee. Paloaika n. 2 tuntia Osta omasi 10 \u20ac \/ kpl koko: 33 cm Isommista erist\u00e4 voidaan sopia erikseen.<\/p>\n","protected":false},"author":1,"featured_media":0,"parent":0,"menu_order":0,"comment_status":"closed","ping_status":"closed","template":"","meta":{"footnotes":""},"class_list":["post-28","page","type-page","status-publish","hentry"],"_links":{"self":[{"href":"https:\/\/torsanpera.fi\/index.php?rest_route=\/wp\/v2\/pages\/28","targetHints":{"allow":["GET"]}}],"collection":[{"href":"https:\/\/torsanpera.fi\/index.php?rest_route=\/wp\/v2\/pages"}],"about":[{"href":"https:\/\/torsanpera.fi\/index.php?rest_route=\/wp\/v2\/types\/page"}],"author":[{"embeddable":true,"href":"https:\/\/torsanpera.fi\/index.php?rest_route=\/wp\/v2\/users\/1"}],"replies":[{"embeddable":true,"href":"https:\/\/torsanpera.fi\/index.php?rest_route=%2Fwp%2Fv2%2Fcomments&post=28"}],"version-history":[{"count":15,"href":"https:\/\/torsanpera.fi\/index.php?rest_route=\/wp\/v2\/pages\/28\/revisions"}],"predecessor-version":[{"id":259,"href":"https:\/\/torsanpera.fi\/index.php?rest_route=\/wp\/v2\/pages\/28\/revisions\/259"}],"wp:attachment":[{"href":"https:\/\/torsanpera.fi\/index.php?rest_route=%2Fwp%2Fv2%2Fmedia&parent=28"}],"curies":[{"name":"wp","href":"https:\/\/api.w.org\/{rel}","templated":true}]}}