{"id":40,"date":"2025-09-13T13:06:08","date_gmt":"2025-09-13T13:06:08","guid":{"rendered":"https:\/\/torsanpera.fi\/?page_id=40"},"modified":"2025-12-26T05:47:53","modified_gmt":"2025-12-26T05:47:53","slug":"polttopuut","status":"publish","type":"page","link":"https:\/\/torsanpera.fi\/?page_id=40","title":{"rendered":"POLTTOPUUT"},"content":{"rendered":"\n<div class=\"wp-block-media-text alignwide is-stacked-on-mobile\"><figure class=\"wp-block-media-text__media\"><img loading=\"lazy\" decoding=\"async\" width=\"681\" height=\"1024\" src=\"http:\/\/torsanpera.fi\/wp-content\/uploads\/2025\/12\/PasiLampinenstudio-10907-Edit-EditjaPuita2025-681x1024.jpg\" alt=\"\" class=\"wp-image-78 size-full\" srcset=\"https:\/\/torsanpera.fi\/wp-content\/uploads\/2025\/12\/PasiLampinenstudio-10907-Edit-EditjaPuita2025-681x1024.jpg 681w, https:\/\/torsanpera.fi\/wp-content\/uploads\/2025\/12\/PasiLampinenstudio-10907-Edit-EditjaPuita2025-200x300.jpg 200w, https:\/\/torsanpera.fi\/wp-content\/uploads\/2025\/12\/PasiLampinenstudio-10907-Edit-EditjaPuita2025-768x1154.jpg 768w, https:\/\/torsanpera.fi\/wp-content\/uploads\/2025\/12\/PasiLampinenstudio-10907-Edit-EditjaPuita2025-1022x1536.jpg 1022w, https:\/\/torsanpera.fi\/wp-content\/uploads\/2025\/12\/PasiLampinenstudio-10907-Edit-EditjaPuita2025-1363x2048.jpg 1363w, https:\/\/torsanpera.fi\/wp-content\/uploads\/2025\/12\/PasiLampinenstudio-10907-Edit-EditjaPuita2025-scaled.jpg 1703w\" sizes=\"auto, (max-width: 681px) 100vw, 681px\" \/><\/figure><div class=\"wp-block-media-text__content\">\n<h2 class=\"wp-block-heading\">L\u00e4mp\u00f6\u00e4 taloon ja saunaan<\/h2>\n\n\n\n<p>Tuotannossa kuivaa koivu-, seka- ja havuklapia. Halutessasi tarjolla on my\u00f6s tuoretta klapia, jonka voit itse kuivattaa.<\/p>\n\n\n\n<p class=\"has-text-align-left\"><span style=\"caret-color: rgb(0, 0, 0); color: rgb(0, 0, 0); font-family: -webkit-standard; font-size: medium; letter-spacing: normal; white-space: normal;\"><strong>Kuiva polttopuu on t\u00e4lt\u00e4 kaudelta loppuunmyyty. Lis\u00e4\u00e4 tulee talvella 2026.<\/strong><\/span><\/p>\n\n\n\n<p>Voit tehd\u00e4 my\u00f6s varauksen etuk\u00e4teen. Tee varaus hyviss\u00e4 ajoin, niin toimitamme halot sinulle syksyll\u00e4 haluttuna ajankohtana.<\/p>\n\n\n\n<p>Ota yhteytt\u00e4 ja tarkista saatavuus!<\/p>\n\n\n\n<div class=\"wp-block-buttons is-layout-flex wp-block-buttons-is-layout-flex\">\n<div class=\"wp-block-button\"><a class=\"wp-block-button__link has-background wp-element-button\" href=\"https:\/\/torsanpera.fi\/?page_id=146\" style=\"background-color:#4f7d3e\">Ota yhteytt\u00e4<\/a><\/div>\n<\/div>\n<\/div><\/div>\n\n\n\n<div class=\"wp-block-columns alignfull is-layout-flex wp-container-core-columns-is-layout-28232c24 wp-block-columns-is-layout-flex\">\n<div class=\"wp-block-column is-vertically-aligned-top has-background is-layout-flow wp-container-core-column-is-layout-f5bb311e wp-block-column-is-layout-flow\" style=\"background-color:#f2faf2\">\n<div class=\"wp-block-group has-global-padding is-layout-constrained wp-container-core-group-is-layout-8d90bd3d wp-block-group-is-layout-constrained\" style=\"padding-right:var(--wp--preset--spacing--80);padding-left:var(--wp--preset--spacing--80)\">\n<div class=\"wp-block-group has-global-padding is-layout-constrained wp-container-core-group-is-layout-92b9201d wp-block-group-is-layout-constrained\">\n<div class=\"wp-block-group has-global-padding is-layout-constrained wp-container-core-group-is-layout-346627ba wp-block-group-is-layout-constrained\">\n<div class=\"wp-block-group has-global-padding is-layout-constrained wp-block-group-is-layout-constrained\">\n<div class=\"wp-block-cover\" style=\"min-height:430px;aspect-ratio:unset;\"><img loading=\"lazy\" decoding=\"async\" width=\"681\" height=\"1024\" class=\"wp-block-cover__image-background wp-image-73 size-large\" alt=\"\" src=\"http:\/\/torsanpera.fi\/wp-content\/uploads\/2025\/12\/DSC_9375jaPuita2025_-681x1024.jpg\" data-object-fit=\"cover\" srcset=\"https:\/\/torsanpera.fi\/wp-content\/uploads\/2025\/12\/DSC_9375jaPuita2025_-681x1024.jpg 681w, https:\/\/torsanpera.fi\/wp-content\/uploads\/2025\/12\/DSC_9375jaPuita2025_-200x300.jpg 200w, https:\/\/torsanpera.fi\/wp-content\/uploads\/2025\/12\/DSC_9375jaPuita2025_-768x1154.jpg 768w, https:\/\/torsanpera.fi\/wp-content\/uploads\/2025\/12\/DSC_9375jaPuita2025_-1022x1536.jpg 1022w, https:\/\/torsanpera.fi\/wp-content\/uploads\/2025\/12\/DSC_9375jaPuita2025_-1363x2048.jpg 1363w, https:\/\/torsanpera.fi\/wp-content\/uploads\/2025\/12\/DSC_9375jaPuita2025_-scaled.jpg 1703w\" sizes=\"auto, (max-width: 681px) 100vw, 681px\" \/><span aria-hidden=\"true\" class=\"wp-block-cover__background has-background-dim\" style=\"background-color:#866a4d\"><\/span><div class=\"wp-block-cover__inner-container is-layout-flow wp-block-cover-is-layout-flow\">\n<p class=\"has-text-align-center has-large-font-size\"><strong>TILAP\u00c4ISESTI LOPPU<\/strong><\/p>\n<\/div><\/div>\n<\/div>\n\n\n\n<h3 class=\"wp-block-heading\">Kuiva koivu<\/h3>\n\n\n\n<p class=\"has-medium-font-size\" style=\"margin-top:var(--wp--preset--spacing--30);margin-bottom:var(--wp--preset--spacing--30)\">Kuivaa 33 cm koivuhalkoa, 80\u20ac\/i-m<sup>3<\/sup><\/p>\n<\/div>\n<\/div>\n<\/div>\n<\/div>\n\n\n\n<div class=\"wp-block-column is-vertically-aligned-top has-background is-layout-flow wp-container-core-column-is-layout-49445aec wp-block-column-is-layout-flow\" style=\"background-color:#f2faf2;padding-right:0;padding-left:0\">\n<div class=\"wp-block-group is-layout-flow wp-block-group-is-layout-flow\">\n<div class=\"wp-block-group has-global-padding is-layout-constrained wp-container-core-group-is-layout-8d90bd3d wp-block-group-is-layout-constrained\" style=\"padding-right:var(--wp--preset--spacing--80);padding-left:var(--wp--preset--spacing--80)\">\n<div class=\"wp-block-group has-global-padding is-layout-constrained wp-container-core-group-is-layout-92b9201d wp-block-group-is-layout-constrained\">\n<div class=\"wp-block-group has-global-padding is-layout-constrained wp-container-core-group-is-layout-346627ba wp-block-group-is-layout-constrained\">\n<div class=\"wp-block-group has-global-padding is-layout-constrained wp-block-group-is-layout-constrained\">\n<div class=\"wp-block-cover\" style=\"min-height:430px;aspect-ratio:unset;\"><img loading=\"lazy\" decoding=\"async\" width=\"1024\" height=\"683\" class=\"wp-block-cover__image-background wp-image-76 size-large\" alt=\"\" src=\"http:\/\/torsanpera.fi\/wp-content\/uploads\/2025\/12\/DSC_0605jaPuita2025_-1-1024x683.jpg\" data-object-fit=\"cover\" srcset=\"https:\/\/torsanpera.fi\/wp-content\/uploads\/2025\/12\/DSC_0605jaPuita2025_-1-1024x683.jpg 1024w, https:\/\/torsanpera.fi\/wp-content\/uploads\/2025\/12\/DSC_0605jaPuita2025_-1-300x200.jpg 300w, https:\/\/torsanpera.fi\/wp-content\/uploads\/2025\/12\/DSC_0605jaPuita2025_-1-768x512.jpg 768w, https:\/\/torsanpera.fi\/wp-content\/uploads\/2025\/12\/DSC_0605jaPuita2025_-1-1536x1024.jpg 1536w, https:\/\/torsanpera.fi\/wp-content\/uploads\/2025\/12\/DSC_0605jaPuita2025_-1-2048x1365.jpg 2048w\" sizes=\"auto, (max-width: 1024px) 100vw, 1024px\" \/><span aria-hidden=\"true\" class=\"wp-block-cover__background has-background-dim\" style=\"background-color:#867068\"><\/span><div class=\"wp-block-cover__inner-container is-layout-flow wp-block-cover-is-layout-flow\">\n<p class=\"has-text-align-center has-large-font-size\"><strong>TILAP\u00c4ISESTI LOPPU<\/strong><\/p>\n<\/div><\/div>\n<\/div>\n\n\n\n<h3 class=\"wp-block-heading\">Kuiva seka\/havu<\/h3>\n\n\n\n<p class=\"has-medium-font-size\" style=\"margin-top:var(--wp--preset--spacing--30);margin-bottom:var(--wp--preset--spacing--30)\">Kuivaa 33 cm seka-\/havuhalkoa, 65\u20ac\/i-m<sup>3<\/sup><\/p>\n<\/div>\n<\/div>\n<\/div>\n<\/div>\n<\/div>\n<\/div>\n\n\n\n<div class=\"wp-block-media-text alignwide has-media-on-the-right is-stacked-on-mobile is-vertically-aligned-top is-image-fill-element has-base-color has-text-color has-background has-link-color wp-elements-828d49ab520d27f832c1b62d434aaf0e\" style=\"background-color:#294f33;grid-template-columns:auto 43%\"><div class=\"wp-block-media-text__content\">\n<h2 class=\"wp-block-heading has-text-align-center has-x-large-font-size\"><strong>TARVITSETKO KULJETUSTA?<\/strong><\/h2>\n\n\n\n<div class=\"wp-block-group has-global-padding is-layout-constrained wp-block-group-is-layout-constrained\">\n<div class=\"wp-block-group has-global-padding is-layout-constrained wp-block-group-is-layout-constrained\" style=\"padding-top:var(--wp--preset--spacing--40);padding-bottom:var(--wp--preset--spacing--40)\">\n<p class=\"has-text-align-center is-style-default\">Kuljetukset kotipihaan alk. 35\u20ac <\/p>\n\n\n\n<p class=\"has-text-align-center is-style-default\">Kysy kuljetusta tilausta tehdess\u00e4si!<\/p>\n<\/div>\n<\/div>\n<\/div><figure class=\"wp-block-media-text__media\"><img loading=\"lazy\" decoding=\"async\" width=\"1024\" height=\"683\" src=\"http:\/\/torsanpera.fi\/wp-content\/uploads\/2025\/12\/DSC_0718jaPuita2025_-1024x683.jpg\" alt=\"\" class=\"wp-image-75 size-full\" style=\"object-position:50% 47%\" srcset=\"https:\/\/torsanpera.fi\/wp-content\/uploads\/2025\/12\/DSC_0718jaPuita2025_-1024x683.jpg 1024w, https:\/\/torsanpera.fi\/wp-content\/uploads\/2025\/12\/DSC_0718jaPuita2025_-300x200.jpg 300w, https:\/\/torsanpera.fi\/wp-content\/uploads\/2025\/12\/DSC_0718jaPuita2025_-768x512.jpg 768w, https:\/\/torsanpera.fi\/wp-content\/uploads\/2025\/12\/DSC_0718jaPuita2025_-1536x1024.jpg 1536w, https:\/\/torsanpera.fi\/wp-content\/uploads\/2025\/12\/DSC_0718jaPuita2025_-2048x1365.jpg 2048w\" sizes=\"auto, (max-width: 1024px) 100vw, 1024px\" \/><\/figure><\/div>\n\n\n\n<div class=\"wp-block-group alignfull has-contrast-color has-text-color is-vertical is-content-justification-center is-layout-flex wp-container-core-group-is-layout-f306f087 wp-block-group-is-layout-flex\" style=\"min-height:40vh;margin-top:0;margin-bottom:0;padding-top:var(--wp--preset--spacing--60);padding-right:var(--wp--preset--spacing--50);padding-bottom:var(--wp--preset--spacing--60);padding-left:var(--wp--preset--spacing--50)\"><div style=\"margin-bottom:6px;\" class=\"is-default-size aligncenter wp-block-site-logo wp-duotone-unset-1\"><a href=\"https:\/\/torsanpera.fi\/\" class=\"custom-logo-link\" rel=\"home\"><img loading=\"lazy\" decoding=\"async\" width=\"2560\" height=\"1810\" src=\"https:\/\/torsanpera.fi\/wp-content\/uploads\/2025\/09\/IMG_0290-scaled.png\" class=\"custom-logo\" alt=\"Torsanper&auml;\" srcset=\"https:\/\/torsanpera.fi\/wp-content\/uploads\/2025\/09\/IMG_0290-scaled.png 2560w, https:\/\/torsanpera.fi\/wp-content\/uploads\/2025\/09\/IMG_0290-300x212.png 300w, https:\/\/torsanpera.fi\/wp-content\/uploads\/2025\/09\/IMG_0290-1024x724.png 1024w, https:\/\/torsanpera.fi\/wp-content\/uploads\/2025\/09\/IMG_0290-768x543.png 768w, https:\/\/torsanpera.fi\/wp-content\/uploads\/2025\/09\/IMG_0290-1536x1086.png 1536w, https:\/\/torsanpera.fi\/wp-content\/uploads\/2025\/09\/IMG_0290-2048x1448.png 2048w\" sizes=\"auto, (max-width: 2560px) 100vw, 2560px\" \/><\/a><\/div>\n\n\n<div class=\"wp-block-columns is-layout-flex wp-container-core-columns-is-layout-28f84493 wp-block-columns-is-layout-flex\">\n<div class=\"wp-block-column has-contrast-color has-text-color has-link-color wp-elements-8bc094f7c54b97777e79218bf0fa2991 is-layout-flow wp-container-core-column-is-layout-053e94e8 wp-block-column-is-layout-flow\" style=\"padding-right:0;padding-left:0;flex-basis:300px\">\n<p class=\"has-contrast-color has-text-color has-link-color wp-elements-784976cdf8b5777b4c7c75cb870196e2\">Ota yhteytt\u00e4: <\/p>\n\n\n\n<p class=\"has-text-align-left has-contrast-color has-text-color has-link-color wp-elements-be1b5ec983e83a4dc5b419fbe06934f1\">Puh. <a href=\"tel:358405266215\">+35840 5266215 <\/a><\/p>\n\n\n\n<p class=\"has-contrast-color has-text-color has-link-color wp-elements-e30f95278440531e2b71df0420605c07\">s.posti <a href=\"mailto:pasi.rt.lampinen@gmail.com\">pasi.rt.lampinen@gmail.com<\/a><\/p>\n\n\n\n<ul class=\"wp-block-social-links has-normal-icon-size is-style-default is-nowrap is-layout-flex wp-container-core-social-links-is-layout-65900438 wp-block-social-links-is-layout-flex\"><li class=\"wp-social-link wp-social-link-facebook  wp-block-social-link\"><a href=\"https:\/\/www.facebook.com\/p\/Torsanper\u00e4-100063850364076\/\" class=\"wp-block-social-link-anchor\"><svg width=\"24\" height=\"24\" viewBox=\"0 0 24 24\" version=\"1.1\" xmlns=\"http:\/\/www.w3.org\/2000\/svg\" aria-hidden=\"true\" focusable=\"false\"><path d=\"M12 2C6.5 2 2 6.5 2 12c0 5 3.7 9.1 8.4 9.9v-7H7.9V12h2.5V9.8c0-2.5 1.5-3.9 3.8-3.9 1.1 0 2.2.2 2.2.2v2.5h-1.3c-1.2 0-1.6.8-1.6 1.6V12h2.8l-.4 2.9h-2.3v7C18.3 21.1 22 17 22 12c0-5.5-4.5-10-10-10z\"><\/path><\/svg><span class=\"wp-block-social-link-label screen-reader-text\">Facebook<\/span><\/a><\/li><\/ul>\n<\/div>\n\n\n\n<div class=\"wp-block-column has-contrast-color has-text-color has-link-color wp-elements-b7856f337d7fba009e19faec17a445f5 is-layout-flow wp-container-core-column-is-layout-053e94e8 wp-block-column-is-layout-flow\" style=\"padding-right:0;padding-left:0\">\n<div class=\"wp-block-group has-accent-5-color has-text-color has-link-color wp-elements-074774806591c59a6018872fc1441efa has-global-padding is-layout-constrained wp-container-core-group-is-layout-e0082cf6 wp-block-group-is-layout-constrained\">\n<p class=\"has-contrast-color has-text-color has-link-color wp-elements-cd318e606791f39ca81b0d9e5782679c\">Torsanper\u00e4 Tmi<\/p>\n\n\n\n<p class=\"has-contrast-color has-text-color has-link-color wp-elements-c716b13b973d95ee08e69a7398e7f6ac\">Pasi Lampinen<\/p>\n\n\n\n<p class=\"has-contrast-color has-text-color has-link-color wp-elements-beec70b294fcbf86ac4902f4110ba0f1\">Y-tunnus: 1198163-3<\/p>\n<\/div>\n<\/div>\n<\/div>\n<\/div>\n","protected":false},"excerpt":{"rendered":"<p>Kuiva koivu Kuivaa 33 cm koivuhalkoa, 80\u20ac\/i-m3 Kuiva seka\/havu Kuivaa 33 cm seka-\/havuhalkoa, 65\u20ac\/i-m3<\/p>\n","protected":false},"author":1,"featured_media":0,"parent":0,"menu_order":0,"comment_status":"closed","ping_status":"closed","template":"","meta":{"footnotes":""},"class_list":["post-40","page","type-page","status-publish","hentry"],"_links":{"self":[{"href":"https:\/\/torsanpera.fi\/index.php?rest_route=\/wp\/v2\/pages\/40","targetHints":{"allow":["GET"]}}],"collection":[{"href":"https:\/\/torsanpera.fi\/index.php?rest_route=\/wp\/v2\/pages"}],"about":[{"href":"https:\/\/torsanpera.fi\/index.php?rest_route=\/wp\/v2\/types\/page"}],"author":[{"embeddable":true,"href":"https:\/\/torsanpera.fi\/index.php?rest_route=\/wp\/v2\/users\/1"}],"replies":[{"embeddable":true,"href":"https:\/\/torsanpera.fi\/index.php?rest_route=%2Fwp%2Fv2%2Fcomments&post=40"}],"version-history":[{"count":17,"href":"https:\/\/torsanpera.fi\/index.php?rest_route=\/wp\/v2\/pages\/40\/revisions"}],"predecessor-version":[{"id":240,"href":"https:\/\/torsanpera.fi\/index.php?rest_route=\/wp\/v2\/pages\/40\/revisions\/240"}],"wp:attachment":[{"href":"https:\/\/torsanpera.fi\/index.php?rest_route=%2Fwp%2Fv2%2Fmedia&parent=40"}],"curies":[{"name":"wp","href":"https:\/\/api.w.org\/{rel}","templated":true}]}}