{"id":41,"date":"2025-09-13T14:07:21","date_gmt":"2025-09-13T14:07:21","guid":{"rendered":"https:\/\/torsanpera.fi\/?page_id=41"},"modified":"2025-12-26T05:17:19","modified_gmt":"2025-12-26T05:17:19","slug":"puutavara","status":"publish","type":"page","link":"https:\/\/torsanpera.fi\/?page_id=41","title":{"rendered":"SAHATAVARA"},"content":{"rendered":"\n<div class=\"wp-block-media-text alignwide is-stacked-on-mobile is-vertically-aligned-top\" style=\"border-style:none;border-width:0px;padding-top:0;padding-right:0;padding-bottom:0;padding-left:0;grid-template-columns:42% auto\"><figure class=\"wp-block-media-text__media\"><img loading=\"lazy\" decoding=\"async\" width=\"1024\" height=\"683\" src=\"http:\/\/torsanpera.fi\/wp-content\/uploads\/2025\/12\/DSC_0748jaPuita2025_-1024x683.jpg\" alt=\"\" class=\"wp-image-155 size-full\" srcset=\"https:\/\/torsanpera.fi\/wp-content\/uploads\/2025\/12\/DSC_0748jaPuita2025_-1024x683.jpg 1024w, https:\/\/torsanpera.fi\/wp-content\/uploads\/2025\/12\/DSC_0748jaPuita2025_-300x200.jpg 300w, https:\/\/torsanpera.fi\/wp-content\/uploads\/2025\/12\/DSC_0748jaPuita2025_-768x512.jpg 768w, https:\/\/torsanpera.fi\/wp-content\/uploads\/2025\/12\/DSC_0748jaPuita2025_-1536x1024.jpg 1536w, https:\/\/torsanpera.fi\/wp-content\/uploads\/2025\/12\/DSC_0748jaPuita2025_-2048x1365.jpg 2048w\" sizes=\"auto, (max-width: 1024px) 100vw, 1024px\" \/><\/figure><div class=\"wp-block-media-text__content\">\n<h2 class=\"wp-block-heading\">Juuri sinun tarpeisiisi<\/h2>\n\n\n\n<p>Sahaamme niin vakiomitat kuin erikoismitatkin, juuri siihen k\u00e4ytt\u00f6tarkoitukseen, mihin puu on menossa. Saat mittatarkkaa, laadukasta sahatavaraa suoraan l\u00e4himets\u00e4st\u00e4 \u2013 juuri siihen tarkoitukseen, mihin se on kasvanut.<\/p>\n\n\n\n<p>Voit tuoda meille omat puusi sahattavaksi tai tilata sahatavaran meilt\u00e4 sopimuksen mukaan. Hoidamme my\u00f6s j\u00e4re\u00e4t rungot.<\/p>\n<\/div><\/div>\n\n\n\n<h2 class=\"wp-block-heading alignwide\">Hinnat<\/h2>\n\n\n\n<div class=\"wp-block-group alignwide has-global-padding is-content-justification-left is-layout-constrained wp-container-core-group-is-layout-12dd3699 wp-block-group-is-layout-constrained\">\n<div class=\"wp-block-group has-global-padding is-layout-constrained wp-container-core-group-is-layout-e0082cf6 wp-block-group-is-layout-constrained\">\n<p class=\"is-style-default has-medium-font-size\" style=\"border-style:none;border-width:0px;border-top-left-radius:0px;border-top-right-radius:0px;border-bottom-left-radius:0px;border-bottom-right-radius:0px\">Sahaus asiakkaan omasta puusta: 50 \u20ac\/h + alv 25,5 %<\/p>\n\n\n\n<p>Valmis sahatavara: sopimuksen mukaan tuotteen ja mittojen perusteella<\/p>\n\n\n\n<p>My\u00f6s kuljetus j\u00e4rjestyy tarvittaessa.<\/p>\n<\/div>\n\n\n\n<p> Pyyd\u00e4 tarjous \u2013 tehd\u00e4\u00e4n puut juuri sinun mittaasi.<\/p>\n\n\n\n<div class=\"wp-block-buttons is-layout-flex wp-container-core-buttons-is-layout-9bedd9bf wp-block-buttons-is-layout-flex\">\n<div class=\"wp-block-button\"><a class=\"wp-block-button__link has-background has-medium-font-size has-custom-font-size wp-element-button\" href=\"https:\/\/torsanpera.fi\/?page_id=146\" style=\"background-color:#1b541b\">Ota yhteytt\u00e4<\/a><\/div>\n<\/div>\n<\/div>\n\n\n\n<div class=\"wp-block-columns alignwide has-base-background-color has-background has-small-font-size is-layout-flex wp-container-core-columns-is-layout-73206f7f wp-block-columns-is-layout-flex\" style=\"border-style:none;border-width:0px;margin-top:0;margin-bottom:0;padding-right:var(--wp--preset--spacing--20);padding-left:var(--wp--preset--spacing--20)\">\n<div class=\"wp-block-column is-layout-flow wp-block-column-is-layout-flow\">\n<figure class=\"wp-block-image size-large\"><img loading=\"lazy\" decoding=\"async\" width=\"1024\" height=\"1024\" src=\"https:\/\/torsanpera.fi\/wp-content\/uploads\/2025\/12\/DSC_1196jaPuita2025_-1024x1024.jpg\" alt=\"\" class=\"wp-image-191\" srcset=\"https:\/\/torsanpera.fi\/wp-content\/uploads\/2025\/12\/DSC_1196jaPuita2025_-1024x1024.jpg 1024w, https:\/\/torsanpera.fi\/wp-content\/uploads\/2025\/12\/DSC_1196jaPuita2025_-300x300.jpg 300w, https:\/\/torsanpera.fi\/wp-content\/uploads\/2025\/12\/DSC_1196jaPuita2025_-150x150.jpg 150w, https:\/\/torsanpera.fi\/wp-content\/uploads\/2025\/12\/DSC_1196jaPuita2025_-1536x1536.jpg 1536w, https:\/\/torsanpera.fi\/wp-content\/uploads\/2025\/12\/DSC_1196jaPuita2025_-2048x2048.jpg 2048w\" sizes=\"auto, (max-width: 1024px) 100vw, 1024px\" \/><\/figure>\n<\/div>\n\n\n\n<div class=\"wp-block-column is-layout-flow wp-block-column-is-layout-flow\">\n<figure class=\"wp-block-image size-large\"><img loading=\"lazy\" decoding=\"async\" width=\"1024\" height=\"1024\" src=\"https:\/\/torsanpera.fi\/wp-content\/uploads\/2025\/12\/DSC_1176jaPuita2025_-2-1024x1024.jpg\" alt=\"\" class=\"wp-image-188\" srcset=\"https:\/\/torsanpera.fi\/wp-content\/uploads\/2025\/12\/DSC_1176jaPuita2025_-2-1024x1024.jpg 1024w, https:\/\/torsanpera.fi\/wp-content\/uploads\/2025\/12\/DSC_1176jaPuita2025_-2-300x300.jpg 300w, https:\/\/torsanpera.fi\/wp-content\/uploads\/2025\/12\/DSC_1176jaPuita2025_-2-150x150.jpg 150w, https:\/\/torsanpera.fi\/wp-content\/uploads\/2025\/12\/DSC_1176jaPuita2025_-2-1536x1536.jpg 1536w, https:\/\/torsanpera.fi\/wp-content\/uploads\/2025\/12\/DSC_1176jaPuita2025_-2-2048x2048.jpg 2048w\" sizes=\"auto, (max-width: 1024px) 100vw, 1024px\" \/><\/figure>\n<\/div>\n\n\n\n<div class=\"wp-block-column is-layout-flow wp-block-column-is-layout-flow\">\n<figure class=\"wp-block-image size-large\"><img loading=\"lazy\" decoding=\"async\" width=\"2560\" height=\"2560\" src=\"https:\/\/torsanpera.fi\/wp-content\/uploads\/2025\/12\/DSC_0780jaPuita2025_-edited-scaled.jpg\" alt=\"\" class=\"wp-image-190\" srcset=\"https:\/\/torsanpera.fi\/wp-content\/uploads\/2025\/12\/DSC_0780jaPuita2025_-edited-scaled.jpg 2560w, https:\/\/torsanpera.fi\/wp-content\/uploads\/2025\/12\/DSC_0780jaPuita2025_-edited-300x300.jpg 300w, https:\/\/torsanpera.fi\/wp-content\/uploads\/2025\/12\/DSC_0780jaPuita2025_-edited-1024x1024.jpg 1024w, https:\/\/torsanpera.fi\/wp-content\/uploads\/2025\/12\/DSC_0780jaPuita2025_-edited-150x150.jpg 150w, https:\/\/torsanpera.fi\/wp-content\/uploads\/2025\/12\/DSC_0780jaPuita2025_-edited-1536x1536.jpg 1536w, https:\/\/torsanpera.fi\/wp-content\/uploads\/2025\/12\/DSC_0780jaPuita2025_-edited-2048x2048.jpg 2048w\" sizes=\"auto, (max-width: 2560px) 100vw, 2560px\" \/><\/figure>\n<\/div>\n<\/div>\n\n\n\n<div class=\"wp-block-group alignfull has-contrast-color has-text-color is-vertical is-content-justification-center is-layout-flex wp-container-core-group-is-layout-f306f087 wp-block-group-is-layout-flex\" style=\"min-height:40vh;margin-top:0;margin-bottom:0;padding-top:var(--wp--preset--spacing--60);padding-right:var(--wp--preset--spacing--50);padding-bottom:var(--wp--preset--spacing--60);padding-left:var(--wp--preset--spacing--50)\"><div style=\"margin-bottom:6px;\" class=\"is-default-size aligncenter wp-block-site-logo wp-duotone-unset-1\"><a href=\"https:\/\/torsanpera.fi\/\" class=\"custom-logo-link\" rel=\"home\"><img loading=\"lazy\" decoding=\"async\" width=\"2560\" height=\"1810\" src=\"https:\/\/torsanpera.fi\/wp-content\/uploads\/2025\/09\/IMG_0290-scaled.png\" class=\"custom-logo\" alt=\"Torsanper&auml;\" srcset=\"https:\/\/torsanpera.fi\/wp-content\/uploads\/2025\/09\/IMG_0290-scaled.png 2560w, https:\/\/torsanpera.fi\/wp-content\/uploads\/2025\/09\/IMG_0290-300x212.png 300w, https:\/\/torsanpera.fi\/wp-content\/uploads\/2025\/09\/IMG_0290-1024x724.png 1024w, https:\/\/torsanpera.fi\/wp-content\/uploads\/2025\/09\/IMG_0290-768x543.png 768w, https:\/\/torsanpera.fi\/wp-content\/uploads\/2025\/09\/IMG_0290-1536x1086.png 1536w, https:\/\/torsanpera.fi\/wp-content\/uploads\/2025\/09\/IMG_0290-2048x1448.png 2048w\" sizes=\"auto, (max-width: 2560px) 100vw, 2560px\" \/><\/a><\/div>\n\n\n<div class=\"wp-block-columns is-layout-flex wp-container-core-columns-is-layout-28f84493 wp-block-columns-is-layout-flex\">\n<div class=\"wp-block-column has-contrast-color has-text-color has-link-color wp-elements-8bc094f7c54b97777e79218bf0fa2991 is-layout-flow wp-container-core-column-is-layout-053e94e8 wp-block-column-is-layout-flow\" style=\"padding-right:0;padding-left:0;flex-basis:300px\">\n<p class=\"has-contrast-color has-text-color has-link-color wp-elements-784976cdf8b5777b4c7c75cb870196e2\">Ota yhteytt\u00e4: <\/p>\n\n\n\n<p class=\"has-text-align-left has-contrast-color has-text-color has-link-color wp-elements-be1b5ec983e83a4dc5b419fbe06934f1\">Puh. <a href=\"tel:358405266215\">+35840 5266215 <\/a><\/p>\n\n\n\n<p class=\"has-contrast-color has-text-color has-link-color wp-elements-e30f95278440531e2b71df0420605c07\">s.posti <a href=\"mailto:pasi.rt.lampinen@gmail.com\">pasi.rt.lampinen@gmail.com<\/a><\/p>\n\n\n\n<ul class=\"wp-block-social-links has-normal-icon-size is-style-default is-nowrap is-layout-flex wp-container-core-social-links-is-layout-65900438 wp-block-social-links-is-layout-flex\"><li class=\"wp-social-link wp-social-link-facebook  wp-block-social-link\"><a href=\"https:\/\/www.facebook.com\/p\/Torsanper\u00e4-100063850364076\/\" class=\"wp-block-social-link-anchor\"><svg width=\"24\" height=\"24\" viewBox=\"0 0 24 24\" version=\"1.1\" xmlns=\"http:\/\/www.w3.org\/2000\/svg\" aria-hidden=\"true\" focusable=\"false\"><path d=\"M12 2C6.5 2 2 6.5 2 12c0 5 3.7 9.1 8.4 9.9v-7H7.9V12h2.5V9.8c0-2.5 1.5-3.9 3.8-3.9 1.1 0 2.2.2 2.2.2v2.5h-1.3c-1.2 0-1.6.8-1.6 1.6V12h2.8l-.4 2.9h-2.3v7C18.3 21.1 22 17 22 12c0-5.5-4.5-10-10-10z\"><\/path><\/svg><span class=\"wp-block-social-link-label screen-reader-text\">Facebook<\/span><\/a><\/li><\/ul>\n<\/div>\n\n\n\n<div class=\"wp-block-column has-contrast-color has-text-color has-link-color wp-elements-b7856f337d7fba009e19faec17a445f5 is-layout-flow wp-container-core-column-is-layout-053e94e8 wp-block-column-is-layout-flow\" style=\"padding-right:0;padding-left:0\">\n<div class=\"wp-block-group has-accent-5-color has-text-color has-link-color wp-elements-074774806591c59a6018872fc1441efa has-global-padding is-layout-constrained wp-container-core-group-is-layout-e0082cf6 wp-block-group-is-layout-constrained\">\n<p class=\"has-contrast-color has-text-color has-link-color wp-elements-cd318e606791f39ca81b0d9e5782679c\">Torsanper\u00e4 Tmi<\/p>\n\n\n\n<p class=\"has-contrast-color has-text-color has-link-color wp-elements-c716b13b973d95ee08e69a7398e7f6ac\">Pasi Lampinen<\/p>\n\n\n\n<p class=\"has-contrast-color has-text-color has-link-color wp-elements-beec70b294fcbf86ac4902f4110ba0f1\">Y-tunnus: 1198163-3<\/p>\n<\/div>\n<\/div>\n<\/div>\n<\/div>\n","protected":false},"excerpt":{"rendered":"<p>Juuri sinun tarpeisiisi Sahaamme niin vakiomitat kuin erikoismitatkin, juuri siihen k\u00e4ytt\u00f6tarkoitukseen, mihin puu on menossa. Saat mittatarkkaa, laadukasta sahatavaraa suoraan l\u00e4himets\u00e4st\u00e4 \u2013 juuri siihen tarkoitukseen, mihin se on kasvanut. Voit tuoda meille omat puusi sahattavaksi tai tilata sahatavaran meilt\u00e4 sopimuksen mukaan. Hoidamme my\u00f6s j\u00e4re\u00e4t rungot. Hinnat Sahaus asiakkaan omasta puusta: 50 \u20ac\/h + alv 25,5 [&hellip;]<\/p>\n","protected":false},"author":1,"featured_media":0,"parent":0,"menu_order":0,"comment_status":"closed","ping_status":"closed","template":"","meta":{"footnotes":""},"class_list":["post-41","page","type-page","status-publish","hentry"],"_links":{"self":[{"href":"https:\/\/torsanpera.fi\/index.php?rest_route=\/wp\/v2\/pages\/41","targetHints":{"allow":["GET"]}}],"collection":[{"href":"https:\/\/torsanpera.fi\/index.php?rest_route=\/wp\/v2\/pages"}],"about":[{"href":"https:\/\/torsanpera.fi\/index.php?rest_route=\/wp\/v2\/types\/page"}],"author":[{"embeddable":true,"href":"https:\/\/torsanpera.fi\/index.php?rest_route=\/wp\/v2\/users\/1"}],"replies":[{"embeddable":true,"href":"https:\/\/torsanpera.fi\/index.php?rest_route=%2Fwp%2Fv2%2Fcomments&post=41"}],"version-history":[{"count":7,"href":"https:\/\/torsanpera.fi\/index.php?rest_route=\/wp\/v2\/pages\/41\/revisions"}],"predecessor-version":[{"id":228,"href":"https:\/\/torsanpera.fi\/index.php?rest_route=\/wp\/v2\/pages\/41\/revisions\/228"}],"wp:attachment":[{"href":"https:\/\/torsanpera.fi\/index.php?rest_route=%2Fwp%2Fv2%2Fmedia&parent=41"}],"curies":[{"name":"wp","href":"https:\/\/api.w.org\/{rel}","templated":true}]}}